{"id":1066,"date":"2022-02-24T14:11:37","date_gmt":"2022-02-24T14:11:37","guid":{"rendered":"https:\/\/circuloproject.eu\/home\/"},"modified":"2024-02-27T13:11:56","modified_gmt":"2024-02-27T13:11:56","slug":"home","status":"publish","type":"page","link":"https:\/\/circuloproject.eu\/de\/","title":{"rendered":"Home"},"content":{"rendered":"<h1>Unterst\u00fctzung von Berufsbildungsanbietern bei der Bereitstellung hochwertiger Online-Bildung.<\/h1>\n<p>\n    <a href=\"\/de\/about\">Mehr lesen\n\n<\/a>\n<\/p>\n<p><img decoding=\"async\" src=\"\/wp-content\/uploads\/2022\/08\/h1.svg\" alt=\"\"><\/p>\n<div>\n<p>        <img decoding=\"async\" src=\"\/wp-content\/uploads\/2022\/08\/Asset-3.png\" alt=\"\"><\/p>\n<h2>eLearning<\/h2>\n<div>Die eLearning-Plattform und das eNetwork werden den Zugang zur CIRCULO-Schulungskarte f\u00fcr die Entwicklung der Grunds\u00e4tze der Kreislaufwirtschaft und zum Toolkit f\u00fcr unternehmerische Kompetenzen sowie zu allen entwickelten Lernressourcen erm\u00f6glichen. Sie wird auch das komplette Train-the-Trainer-Paket beherbergen und zug\u00e4nglich machen und \u00fcber alle Funktionen eines MOOCs verf\u00fcgen.<\/p>\n<\/div>\n<p><a href=\"\/de\/elearning\">Mehr lesen\n\n<\/a><\/p>\n<\/div>\n<p><img decoding=\"async\" src=\"\/wp-content\/uploads\/2022\/08\/h2.svg\" alt=\"\"><\/p>\n<h2>News<\/h2>\n<ul>\n<li>\n        <a href=\"\">Mehr lesen\n\n<\/a>\n    <\/li>\n<li>\n        <a href=\"\/de\/news\">Alle Neuigkeiten\n\n<\/a>\n    <\/li>\n<\/ul>\n<p><!--more--><br \/>\n<!-- {\"type\":\"layout\",\"children\":[{\"type\":\"section\",\"props\":{\"style\":\"default\",\"width\":\"default\",\"vertical_align\":\"middle\",\"title_position\":\"top-left\",\"title_rotation\":\"left\",\"title_breakpoint\":\"xl\",\"image_position\":\"top-center\",\"image\":\"wp-content\\\/uploads\\\/2022\\\/08\\\/Picture3-1.jpg\",\"header_transparent\":\"dark\",\"padding\":\"xlarge\",\"css\":\".uk-background-top-center {\\n  background-position: 50% 19%;\\n}\",\"media_overlay\":\"rgba(0, 0, 0, 0.51)\"},\"children\":[{\"type\":\"row\",\"props\":{\"layout\":\"1-2,1-2\"},\"children\":[{\"type\":\"column\",\"props\":{\"position_sticky_breakpoint\":\"m\",\"image_position\":\"center-center\",\"media_overlay_gradient\":\"\",\"width_medium\":\"1-2\",\"order_first\":\"l\"},\"children\":[{\"type\":\"headline\",\"props\":{\"title_element\":\"h1\",\"title_color\":\"success\",\"content\":\"Unterst\\u00fctzung von Berufsbildungsanbietern bei der Bereitstellung hochwertiger Online-Bildung.\",\"title_style\":\"h2\",\"class\":\"fff\"}},{\"type\":\"button\",\"props\":{\"grid_column_gap\":\"small\",\"grid_row_gap\":\"small\",\"margin\":\"default\"},\"children\":[{\"type\":\"button_item\",\"props\":{\"button_style\":\"primary\",\"icon_align\":\"left\",\"content\":\"[readmore_text]\",\"link\":\"de\\\/about\"}}]}]},{\"type\":\"column\",\"props\":{\"position_sticky_breakpoint\":\"m\",\"image_position\":\"center-center\",\"media_overlay_gradient\":\"\",\"width_medium\":\"1-2\",\"order_first\":\"xs\"},\"children\":[]}]}]},{\"type\":\"section\",\"props\":{\"style\":\"default\",\"width\":\"default\",\"vertical_align\":\"middle\",\"title_position\":\"top-left\",\"title_rotation\":\"left\",\"title_breakpoint\":\"xl\",\"image_position\":\"center-center\",\"padding\":\"large\",\"class\":\"trygreen uk-position-relative\"},\"children\":[{\"type\":\"row\",\"children\":[{\"type\":\"column\",\"props\":{\"position_sticky_breakpoint\":\"m\",\"image_position\":\"center-center\",\"media_overlay_gradient\":\"\"},\"children\":[{\"type\":\"image\",\"props\":{\"margin\":\"default\",\"image_svg_color\":\"emphasis\",\"image\":\"wp-content\\\/uploads\\\/2022\\\/08\\\/h1.svg\",\"class\":\"img-bg h1\"}}]}]},{\"type\":\"row\",\"children\":[{\"type\":\"column\",\"props\":{\"position_sticky_breakpoint\":\"m\",\"image_position\":\"center-center\",\"media_overlay_gradient\":\"\"},\"children\":[{\"type\":\"panel\",\"props\":{\"link_text\":\"[readmore_text]\",\"title_hover_style\":\"reset\",\"title_element\":\"h2\",\"title_align\":\"top\",\"title_grid_width\":\"1-2\",\"title_grid_breakpoint\":\"m\",\"meta_style\":\"meta\",\"meta_align\":\"below-title\",\"meta_element\":\"div\",\"content_column_breakpoint\":\"m\",\"icon_width\":80,\"image_align\":\"right\",\"image_grid_width\":\"1-3\",\"image_grid_breakpoint\":\"m\",\"image_svg_color\":\"emphasis\",\"link_style\":\"primary\",\"margin\":\"default\",\"title\":\"eLearning\",\"content\":\"Die eLearning-Plattform und das eNetwork werden den Zugang zur CIRCULO-Schulungskarte f\\u00fcr die Entwicklung der Grunds\\u00e4tze der Kreislaufwirtschaft und zum Toolkit f\\u00fcr unternehmerische Kompetenzen sowie zu allen entwickelten Lernressourcen erm\\u00f6glichen. Sie wird auch das komplette Train-the-Trainer-Paket beherbergen und zug\\u00e4nglich machen und \\u00fcber alle Funktionen eines MOOCs verf\\u00fcgen.\\n\\n\",\"image\":\"wp-content\\\/uploads\\\/2022\\\/08\\\/Asset-3.png\",\"title_color\":\"success\",\"link\":\"de\\\/elearning\"},\"name\":\"left-image-panel\"}]}]}]},{\"type\":\"section\",\"props\":{\"style\":\"default\",\"width\":\"default\",\"vertical_align\":\"middle\",\"title_position\":\"top-left\",\"title_rotation\":\"left\",\"title_breakpoint\":\"xl\",\"image_position\":\"center-center\",\"class\":\"\",\"status\":\"disabled\"},\"children\":[{\"type\":\"row\",\"children\":[{\"type\":\"column\",\"props\":{\"position_sticky_breakpoint\":\"m\",\"image_position\":\"center-center\",\"media_overlay_gradient\":\"\"},\"children\":[{\"type\":\"panel\",\"props\":{\"link_text\":\"[readmore_text]\",\"title_hover_style\":\"reset\",\"title_element\":\"h2\",\"title_align\":\"top\",\"title_grid_width\":\"1-2\",\"title_grid_breakpoint\":\"m\",\"meta_style\":\"meta\",\"meta_align\":\"below-title\",\"meta_element\":\"div\",\"content_column_breakpoint\":\"m\",\"icon_width\":80,\"image_align\":\"bottom\",\"image_grid_width\":\"1-3\",\"image_grid_breakpoint\":\"m\",\"image_svg_color\":\"emphasis\",\"link_style\":\"primary\",\"margin\":\"default\",\"title\":\"Toolkit\",\"content\":\"\n\n<div class=\\\"uk-text-center uk-flex uk-flex-center\\\">\\n\n\n<div class=\\\"uk-width-3-4\\\">\\n\n\n<div class=\\\"uk-match-height\\\" uk-grid=\\\"\\\">\\n\n\n<div class=\\\"pcontent uk-width-3-4@m uk-text-left\\\">Das Toolkit zur Entwicklung digitaler Kompetenzen ist ein praktisches Toolkit, das darauf abzielt, auf der Grundlage des Abschnitts \\\"Ideen und M\\u00f6glichkeiten\\\" des EntreComp-Rahmens einen Unternehmergeist zu entwickeln.\\n\\n<\\\/div>\\n\n\n<div class=\\\"buttonp uk-flex uk-flex-middle uk-flex-left\\\"><a class=\\\"uk-button uk-button-primary\\\" href=\\\"de\\\/toolkit\\\">[readmore_text]<\\\/a><\\\/div>\\n<\\\/div>\\n<\\\/div>\\n<\\\/div>\",\"image\":\"wp-content\\\/uploads\\\/2022\\\/08\\\/toolkit.png\",\"title_color\":\"success\",\"link\":\"\",\"css\":\".el-element {\\n  display: flex;\\n  flex-direction: column;\\n    align-items: center;\\n}\\n\\n.el-image{\\nwidth:400px;}\\n.el-title {width:75%}\",\"position\":\"relative\",\"position_z_index\":\"1\"},\"name\":\"left-image-panel\"}]}]}]},{\"type\":\"section\",\"props\":{\"style\":\"default\",\"width\":\"default\",\"vertical_align\":\"middle\",\"title_position\":\"top-left\",\"title_rotation\":\"left\",\"title_breakpoint\":\"xl\",\"image_position\":\"center-center\",\"padding\":\"large\",\"class\":\"trygreen reverse uk-position-relative\"},\"children\":[{\"type\":\"row\",\"children\":[{\"type\":\"column\",\"props\":{\"position_sticky_breakpoint\":\"m\",\"image_position\":\"center-center\",\"media_overlay_gradient\":\"\"},\"children\":[{\"type\":\"image\",\"props\":{\"margin\":\"default\",\"image_svg_color\":\"emphasis\",\"image\":\"wp-content\\\/uploads\\\/2022\\\/08\\\/h2.svg\",\"class\":\"img-bg h2\"}}]}]},{\"type\":\"row\",\"children\":[{\"type\":\"column\",\"props\":{\"position_sticky_breakpoint\":\"m\",\"image_position\":\"center-center\",\"media_overlay_gradient\":\"\"},\"children\":[{\"type\":\"headline\",\"props\":{\"title_element\":\"h2\",\"title_style\":\"h2\",\"title_color\":\"success\",\"text_align\":\"left\",\"content\":\"[news_header]\",\"position\":\"relative\",\"position_z_index\":\"1\"}}]}]},{\"type\":\"row\",\"props\":{\"layout\":\"1-3,2-3\"},\"children\":[{\"type\":\"column\",\"props\":{\"position_sticky_breakpoint\":\"m\",\"image_position\":\"center-center\",\"media_overlay_gradient\":\"\",\"width_medium\":\"1-3\"},\"children\":[{\"type\":\"image\",\"props\":{\"margin\":\"default\",\"image_svg_color\":\"emphasis\",\"css\":\".el-image{border-radius:50%;}\",\"position\":\"relative\",\"position_z_index\":\"1\"},\"source\":{\"query\":{\"name\":\"posts.customPost\",\"arguments\":{\"terms\":[],\"category_operator\":\"IN\",\"post_tag_operator\":\"IN\",\"users\":[],\"users_operator\":\"IN\",\"offset\":0,\"order\":\"date\",\"order_direction\":\"DESC\"}},\"props\":{\"image\":{\"filters\":{\"search\":\"\"},\"name\":\"featuredImage.url\"}}}}]},{\"type\":\"column\",\"props\":{\"position_sticky_breakpoint\":\"m\",\"image_position\":\"center-center\",\"media_overlay_gradient\":\"\",\"width_medium\":\"2-3\"},\"children\":[{\"type\":\"headline\",\"props\":{\"title_element\":\"h3\",\"title_style\":\"h3\",\"position\":\"relative\",\"position_z_index\":\"1\"},\"source\":{\"query\":{\"name\":\"posts.customPost\",\"arguments\":{\"terms\":[],\"category_operator\":\"IN\",\"post_tag_operator\":\"IN\",\"users\":[],\"users_operator\":\"IN\",\"offset\":0,\"order\":\"date\",\"order_direction\":\"DESC\"}},\"props\":{\"content\":{\"filters\":{\"search\":\"\"},\"name\":\"title\"}}}},{\"type\":\"text\",\"props\":{\"margin\":\"default\",\"column_breakpoint\":\"m\"},\"source\":{\"query\":{\"name\":\"posts.customPost\",\"arguments\":{\"terms\":[],\"category_operator\":\"IN\",\"post_tag_operator\":\"IN\",\"users\":[],\"users_operator\":\"IN\",\"offset\":0,\"order\":\"date\",\"order_direction\":\"DESC\"}},\"props\":{\"content\":{\"filters\":{\"search\":\"\"},\"name\":\"excerpt\"}}}},{\"type\":\"button\",\"props\":{\"grid_column_gap\":\"small\",\"grid_row_gap\":\"small\",\"margin\":\"default\"},\"children\":[{\"type\":\"button_item\",\"props\":{\"button_style\":\"primary\",\"icon_align\":\"left\",\"content\":\"[readmore_text]\"},\"source\":{\"query\":{\"name\":\"posts.customPost\",\"arguments\":{\"terms\":[],\"category_operator\":\"IN\",\"post_tag_operator\":\"IN\",\"users\":[],\"users_operator\":\"IN\",\"offset\":0,\"order\":\"date\",\"order_direction\":\"DESC\"}},\"props\":{\"link\":{\"filters\":{\"search\":\"\"},\"name\":\"link\"}}}},{\"type\":\"button_item\",\"props\":{\"button_style\":\"primary\",\"icon_align\":\"left\",\"content\":\"[all_news_header]\",\"link\":\"de\\\/news\"}}]}]}]}]}],\"version\":\"2.7.22\"} --><\/p>\n","protected":false},"excerpt":{"rendered":"<p>Unterst\u00fctzung von Berufsbildungsanbietern bei der Bereitstellung hochwertiger Online-Bildung. eLearning Die eLearning-Plattform und das eNetwork werden den Zugang zur CIRCULO-Schulungskarte f\u00fcr die Entwicklung der Grunds\u00e4tze der..<\/p>\n","protected":false},"author":1,"featured_media":0,"parent":0,"menu_order":0,"comment_status":"closed","ping_status":"closed","template":"","meta":{"_acf_changed":false,"inline_featured_image":false,"footnotes":""},"class_list":["post-1066","page","type-page","status-publish","hentry"],"acf":[],"_links":{"self":[{"href":"https:\/\/circuloproject.eu\/de\/wp-json\/wp\/v2\/pages\/1066","targetHints":{"allow":["GET"]}}],"collection":[{"href":"https:\/\/circuloproject.eu\/de\/wp-json\/wp\/v2\/pages"}],"about":[{"href":"https:\/\/circuloproject.eu\/de\/wp-json\/wp\/v2\/types\/page"}],"author":[{"embeddable":true,"href":"https:\/\/circuloproject.eu\/de\/wp-json\/wp\/v2\/users\/1"}],"replies":[{"embeddable":true,"href":"https:\/\/circuloproject.eu\/de\/wp-json\/wp\/v2\/comments?post=1066"}],"version-history":[{"count":8,"href":"https:\/\/circuloproject.eu\/de\/wp-json\/wp\/v2\/pages\/1066\/revisions"}],"predecessor-version":[{"id":1725,"href":"https:\/\/circuloproject.eu\/de\/wp-json\/wp\/v2\/pages\/1066\/revisions\/1725"}],"wp:attachment":[{"href":"https:\/\/circuloproject.eu\/de\/wp-json\/wp\/v2\/media?parent=1066"}],"curies":[{"name":"wp","href":"https:\/\/api.w.org\/{rel}","templated":true}]}}