{"id":1065,"date":"2022-02-24T14:11:37","date_gmt":"2022-02-24T14:11:37","guid":{"rendered":"https:\/\/circuloproject.eu\/home\/"},"modified":"2024-02-27T13:11:44","modified_gmt":"2024-02-27T13:11:44","slug":"home","status":"publish","type":"page","link":"https:\/\/circuloproject.eu\/fr\/","title":{"rendered":"Home"},"content":{"rendered":"<h1>Soutenir les prestataires d\u2019EFP dans la fourniture d\u2019un enseignement en ligne de haute qualit\u00e9<\/h1>\n<p>\n    <a href=\"\/fr\/about\">Lire plus\n\n<\/a>\n<\/p>\n<p><img decoding=\"async\" src=\"\/wp-content\/uploads\/2022\/08\/h1.svg\" alt=\"\"><\/p>\n<div>\n<p>        <img decoding=\"async\" src=\"\/wp-content\/uploads\/2022\/08\/Asset-3.png\" alt=\"\"><\/p>\n<h2>eLearning<\/h2>\n<div>\n<p>La plateforme eLearning et le r\u00e9seau \u00e9lectronique donneront acc\u00e8s \u00e0 la carte de formation CIRCULO pour le d\u00e9veloppement des principes de l&rsquo;\u00e9conomie circulaire et au Toolkit pour les comp\u00e9tences entrepreneuriales, ainsi qu&rsquo;\u00e0 toutes les ressources d&rsquo;apprentissage d\u00e9velopp\u00e9es. Elle h\u00e9bergera et fournira \u00e9galement l&rsquo;acc\u00e8s au paquet complet de formation des formateurs et aura toutes les caract\u00e9ristiques d&rsquo;un MOOC.<\/p>\n<\/div>\n<p><a href=\"\/elearning\">Lire plus\n\n<\/a><\/p>\n<\/div>\n<p><img decoding=\"async\" src=\"\/wp-content\/uploads\/2022\/08\/h2.svg\" alt=\"\"><\/p>\n<h2>News<\/h2>\n<ul>\n<li>\n        <a href=\"\">Lire plus\n\n<\/a>\n    <\/li>\n<li>\n        <a href=\"\/fr\/news\">Toutes les nouvelles\n\n<\/a>\n    <\/li>\n<\/ul>\n<p><!--more--><br \/>\n<!-- {\"type\":\"layout\",\"children\":[{\"type\":\"section\",\"props\":{\"style\":\"default\",\"width\":\"default\",\"vertical_align\":\"middle\",\"title_position\":\"top-left\",\"title_rotation\":\"left\",\"title_breakpoint\":\"xl\",\"image_position\":\"top-center\",\"image\":\"wp-content\\\/uploads\\\/2022\\\/08\\\/Picture3-1.jpg\",\"header_transparent\":\"dark\",\"padding\":\"xlarge\",\"css\":\".uk-background-top-center {\\n  background-position: 50% 19%;\\n}\",\"media_overlay\":\"rgba(0, 0, 0, 0.51)\"},\"children\":[{\"type\":\"row\",\"props\":{\"layout\":\"1-2,1-2\"},\"children\":[{\"type\":\"column\",\"props\":{\"position_sticky_breakpoint\":\"m\",\"image_position\":\"center-center\",\"media_overlay_gradient\":\"\",\"width_medium\":\"1-2\",\"order_first\":\"l\"},\"children\":[{\"type\":\"headline\",\"props\":{\"title_element\":\"h1\",\"title_color\":\"success\",\"content\":\"Soutenir les prestataires d\\u2019EFP dans la fourniture d\\u2019un enseignement en ligne de haute qualit\\u00e9\",\"title_style\":\"h2\",\"class\":\"fff\"}},{\"type\":\"button\",\"props\":{\"grid_column_gap\":\"small\",\"grid_row_gap\":\"small\",\"margin\":\"default\"},\"children\":[{\"type\":\"button_item\",\"props\":{\"button_style\":\"primary\",\"icon_align\":\"left\",\"content\":\"[readmore_text]\",\"link\":\"fr\\\/about\"}}]}]},{\"type\":\"column\",\"props\":{\"position_sticky_breakpoint\":\"m\",\"image_position\":\"center-center\",\"media_overlay_gradient\":\"\",\"width_medium\":\"1-2\",\"order_first\":\"xs\"},\"children\":[]}]}]},{\"type\":\"section\",\"props\":{\"style\":\"default\",\"width\":\"default\",\"vertical_align\":\"middle\",\"title_position\":\"top-left\",\"title_rotation\":\"left\",\"title_breakpoint\":\"xl\",\"image_position\":\"center-center\",\"padding\":\"large\",\"class\":\"trygreen uk-position-relative\"},\"children\":[{\"type\":\"row\",\"children\":[{\"type\":\"column\",\"props\":{\"position_sticky_breakpoint\":\"m\",\"image_position\":\"center-center\",\"media_overlay_gradient\":\"\"},\"children\":[{\"type\":\"image\",\"props\":{\"margin\":\"default\",\"image_svg_color\":\"emphasis\",\"image\":\"wp-content\\\/uploads\\\/2022\\\/08\\\/h1.svg\",\"class\":\"img-bg h1\"}}]}]},{\"type\":\"row\",\"children\":[{\"type\":\"column\",\"props\":{\"position_sticky_breakpoint\":\"m\",\"image_position\":\"center-center\",\"media_overlay_gradient\":\"\"},\"children\":[{\"type\":\"panel\",\"props\":{\"link_text\":\"[readmore_text]\",\"title_hover_style\":\"reset\",\"title_element\":\"h2\",\"title_align\":\"top\",\"title_grid_width\":\"1-2\",\"title_grid_breakpoint\":\"m\",\"meta_style\":\"meta\",\"meta_align\":\"below-title\",\"meta_element\":\"div\",\"content_column_breakpoint\":\"m\",\"icon_width\":80,\"image_align\":\"right\",\"image_grid_width\":\"1-3\",\"image_grid_breakpoint\":\"m\",\"image_svg_color\":\"emphasis\",\"link_style\":\"primary\",\"margin\":\"default\",\"title\":\"eLearning\",\"content\":\"\n\n<p>La plateforme eLearning et le r\\u00e9seau \\u00e9lectronique donneront acc\\u00e8s \\u00e0 la carte de formation CIRCULO pour le d\\u00e9veloppement des principes de l'\\u00e9conomie circulaire et au Toolkit pour les comp\\u00e9tences entrepreneuriales, ainsi qu'\\u00e0 toutes les ressources d'apprentissage d\\u00e9velopp\\u00e9es. Elle h\\u00e9bergera et fournira \\u00e9galement l'acc\\u00e8s au paquet complet de formation des formateurs et aura toutes les caract\\u00e9ristiques d'un MOOC.<\\\/p>\",\"image\":\"wp-content\\\/uploads\\\/2022\\\/08\\\/Asset-3.png\",\"title_color\":\"success\",\"link\":\"elearning\"},\"name\":\"left-image-panel\"}]}]}]},{\"type\":\"section\",\"props\":{\"style\":\"default\",\"width\":\"default\",\"vertical_align\":\"middle\",\"title_position\":\"top-left\",\"title_rotation\":\"left\",\"title_breakpoint\":\"xl\",\"image_position\":\"center-center\",\"class\":\"\",\"status\":\"disabled\"},\"children\":[{\"type\":\"row\",\"children\":[{\"type\":\"column\",\"props\":{\"position_sticky_breakpoint\":\"m\",\"image_position\":\"center-center\",\"media_overlay_gradient\":\"\"},\"children\":[{\"type\":\"panel\",\"props\":{\"link_text\":\"[readmore_text]\",\"title_hover_style\":\"reset\",\"title_element\":\"h2\",\"title_align\":\"top\",\"title_grid_width\":\"1-2\",\"title_grid_breakpoint\":\"m\",\"meta_style\":\"meta\",\"meta_align\":\"below-title\",\"meta_element\":\"div\",\"content_column_breakpoint\":\"m\",\"icon_width\":80,\"image_align\":\"bottom\",\"image_grid_width\":\"1-3\",\"image_grid_breakpoint\":\"m\",\"image_svg_color\":\"emphasis\",\"link_style\":\"primary\",\"margin\":\"default\",\"title\":\"Bo\\u00eete \\u00e0 outils\",\"content\":\"\n\n<div class=\\\"uk-text-center uk-flex uk-flex-center\\\">\\n\n\n<div class=\\\"uk-width-3-4\\\">\\n\n\n<div class=\\\"uk-match-height\\\" uk-grid=\\\"\\\">\\n\n\n<div class=\\\"pcontent uk-width-3-4@m uk-text-left\\\">\\n\n\n<p><span>La bo\\u00eete \\u00e0 outils du d\\u00e9veloppement des comp\\u00e9tences num\\u00e9riques est une bo\\u00eete \\u00e0 outils pratique, qui vise \\u00e0 d\\u00e9velopper l'esprit d'entreprenariat\\u00a0 en se basant sur la section Id\\u00e9es et opportunit\\u00e9s du cadre EntreComp. <\\\/span><\\\/p>\\n<\\\/div>\\n\n\n<div class=\\\"buttonp uk-flex uk-flex-middle uk-flex-left\\\"><a class=\\\"uk-button uk-button-primary\\\" href=\\\"fr\\\/toolkit\\\">[readmore_text]<\\\/a><\\\/div>\\n<\\\/div>\\n<\\\/div>\\n<\\\/div>\",\"image\":\"wp-content\\\/uploads\\\/2022\\\/08\\\/toolkit.png\",\"title_color\":\"success\",\"link\":\"\",\"css\":\".el-element {\\n  display: flex;\\n  flex-direction: column;\\n    align-items: center;\\n}\\n\\n.el-image{\\nwidth:400px;}\\n.el-title {width:75%}\",\"position\":\"relative\",\"position_z_index\":\"1\",\"status\":\"disabled\"},\"name\":\"left-image-panel\"}]}]}]},{\"type\":\"section\",\"props\":{\"style\":\"default\",\"width\":\"default\",\"vertical_align\":\"middle\",\"title_position\":\"top-left\",\"title_rotation\":\"left\",\"title_breakpoint\":\"xl\",\"image_position\":\"center-center\",\"padding\":\"large\",\"class\":\"trygreen reverse uk-position-relative\"},\"children\":[{\"type\":\"row\",\"children\":[{\"type\":\"column\",\"props\":{\"position_sticky_breakpoint\":\"m\",\"image_position\":\"center-center\",\"media_overlay_gradient\":\"\"},\"children\":[{\"type\":\"image\",\"props\":{\"margin\":\"default\",\"image_svg_color\":\"emphasis\",\"image\":\"wp-content\\\/uploads\\\/2022\\\/08\\\/h2.svg\",\"class\":\"img-bg h2\"}}]}]},{\"type\":\"row\",\"children\":[{\"type\":\"column\",\"props\":{\"position_sticky_breakpoint\":\"m\",\"image_position\":\"center-center\",\"media_overlay_gradient\":\"\"},\"children\":[{\"type\":\"headline\",\"props\":{\"title_element\":\"h2\",\"title_style\":\"h2\",\"title_color\":\"success\",\"text_align\":\"left\",\"content\":\"[news_header]\",\"position\":\"relative\",\"position_z_index\":\"1\"}}]}]},{\"type\":\"row\",\"props\":{\"layout\":\"1-3,2-3\"},\"children\":[{\"type\":\"column\",\"props\":{\"position_sticky_breakpoint\":\"m\",\"image_position\":\"center-center\",\"media_overlay_gradient\":\"\",\"width_medium\":\"1-3\"},\"children\":[{\"type\":\"image\",\"props\":{\"margin\":\"default\",\"image_svg_color\":\"emphasis\",\"css\":\".el-image{border-radius:50%;}\",\"position\":\"relative\",\"position_z_index\":\"1\"},\"source\":{\"query\":{\"name\":\"posts.customPost\",\"arguments\":{\"terms\":[],\"category_operator\":\"IN\",\"post_tag_operator\":\"IN\",\"users\":[],\"users_operator\":\"IN\",\"offset\":0,\"order\":\"date\",\"order_direction\":\"DESC\"}},\"props\":{\"image\":{\"filters\":{\"search\":\"\"},\"name\":\"featuredImage.url\"}}}}]},{\"type\":\"column\",\"props\":{\"position_sticky_breakpoint\":\"m\",\"image_position\":\"center-center\",\"media_overlay_gradient\":\"\",\"width_medium\":\"2-3\"},\"children\":[{\"type\":\"headline\",\"props\":{\"title_element\":\"h3\",\"title_style\":\"h3\",\"position\":\"relative\",\"position_z_index\":\"1\"},\"source\":{\"query\":{\"name\":\"posts.customPost\",\"arguments\":{\"terms\":[],\"category_operator\":\"IN\",\"post_tag_operator\":\"IN\",\"users\":[],\"users_operator\":\"IN\",\"offset\":0,\"order\":\"date\",\"order_direction\":\"DESC\"}},\"props\":{\"content\":{\"filters\":{\"search\":\"\"},\"name\":\"title\"}}}},{\"type\":\"text\",\"props\":{\"margin\":\"default\",\"column_breakpoint\":\"m\"},\"source\":{\"query\":{\"name\":\"posts.customPost\",\"arguments\":{\"terms\":[],\"category_operator\":\"IN\",\"post_tag_operator\":\"IN\",\"users\":[],\"users_operator\":\"IN\",\"offset\":0,\"order\":\"date\",\"order_direction\":\"DESC\"}},\"props\":{\"content\":{\"filters\":{\"search\":\"\"},\"name\":\"excerpt\"}}}},{\"type\":\"button\",\"props\":{\"grid_column_gap\":\"small\",\"grid_row_gap\":\"small\",\"margin\":\"default\"},\"children\":[{\"type\":\"button_item\",\"props\":{\"button_style\":\"primary\",\"icon_align\":\"left\",\"content\":\"[readmore_text]\"},\"source\":{\"query\":{\"name\":\"posts.customPost\",\"arguments\":{\"terms\":[],\"category_operator\":\"IN\",\"post_tag_operator\":\"IN\",\"users\":[],\"users_operator\":\"IN\",\"offset\":0,\"order\":\"date\",\"order_direction\":\"DESC\"}},\"props\":{\"link\":{\"filters\":{\"search\":\"\"},\"name\":\"link\"}}}},{\"type\":\"button_item\",\"props\":{\"button_style\":\"primary\",\"icon_align\":\"left\",\"content\":\"[all_news_header]\",\"link\":\"fr\\\/news\"}}]}]}]}]}],\"version\":\"2.7.22\"} --><\/p>\n","protected":false},"excerpt":{"rendered":"<p>Soutenir les prestataires d\u2019EFP dans la fourniture d\u2019un enseignement en ligne de haute qualit\u00e9 eLearning La plateforme eLearning et le r\u00e9seau \u00e9lectronique donneront acc\u00e8s \u00e0..<\/p>\n","protected":false},"author":1,"featured_media":0,"parent":0,"menu_order":0,"comment_status":"closed","ping_status":"closed","template":"","meta":{"_acf_changed":false,"inline_featured_image":false,"footnotes":""},"class_list":["post-1065","page","type-page","status-publish","hentry"],"acf":[],"_links":{"self":[{"href":"https:\/\/circuloproject.eu\/fr\/wp-json\/wp\/v2\/pages\/1065","targetHints":{"allow":["GET"]}}],"collection":[{"href":"https:\/\/circuloproject.eu\/fr\/wp-json\/wp\/v2\/pages"}],"about":[{"href":"https:\/\/circuloproject.eu\/fr\/wp-json\/wp\/v2\/types\/page"}],"author":[{"embeddable":true,"href":"https:\/\/circuloproject.eu\/fr\/wp-json\/wp\/v2\/users\/1"}],"replies":[{"embeddable":true,"href":"https:\/\/circuloproject.eu\/fr\/wp-json\/wp\/v2\/comments?post=1065"}],"version-history":[{"count":5,"href":"https:\/\/circuloproject.eu\/fr\/wp-json\/wp\/v2\/pages\/1065\/revisions"}],"predecessor-version":[{"id":1724,"href":"https:\/\/circuloproject.eu\/fr\/wp-json\/wp\/v2\/pages\/1065\/revisions\/1724"}],"wp:attachment":[{"href":"https:\/\/circuloproject.eu\/fr\/wp-json\/wp\/v2\/media?parent=1065"}],"curies":[{"name":"wp","href":"https:\/\/api.w.org\/{rel}","templated":true}]}}