{"id":1074,"date":"2022-02-24T14:11:37","date_gmt":"2022-02-24T14:11:37","guid":{"rendered":"https:\/\/circuloproject.eu\/elearning\/"},"modified":"2023-08-01T09:29:31","modified_gmt":"2023-08-01T09:29:31","slug":"elearning","status":"publish","type":"page","link":"https:\/\/circuloproject.eu\/fr\/elearning\/","title":{"rendered":"eLearning"},"content":{"rendered":"<h1>eLearning<\/h1>\n<div>\n<p>        <img decoding=\"async\" src=\"\/wp-content\/uploads\/2022\/08\/Asset-3.png\" alt=\"\"><\/p>\n<div>\n<p>La plateforme eLearning et le r\u00e9seau \u00e9lectronique donneront acc\u00e8s \u00e0 la carte de formation CIRCULO pour le d\u00e9veloppement des principes de l&rsquo;\u00e9conomie circulaire et au Toolkit pour les comp\u00e9tences entrepreneuriales, ainsi qu&rsquo;\u00e0 toutes les ressources d&rsquo;apprentissage d\u00e9velopp\u00e9es. Elle h\u00e9bergera et fournira \u00e9galement l&rsquo;acc\u00e8s au paquet complet de formation des formateurs et aura toutes les caract\u00e9ristiques d&rsquo;un MOOC.<\/p>\n<\/div>\n<p><a href=\"https:\/\/circulomooc.eu\">Visitez la plateforme<\/a><\/p>\n<\/div>\n<p><!--more--><br \/>\n<!-- {\"type\":\"layout\",\"children\":[{\"type\":\"section\",\"props\":{\"style\":\"default\",\"width\":\"default\",\"vertical_align\":\"middle\",\"title_position\":\"top-left\",\"title_rotation\":\"left\",\"title_breakpoint\":\"xl\",\"image_position\":\"top-center\",\"image\":\"wp-content\\\/uploads\\\/2022\\\/08\\\/Picture1.jpg\",\"header_transparent\":\"dark\",\"padding\":\"large\",\"css\":\".uk-background-top-center {\\n  background-position: 50% 88%;\\n}\",\"media_overlay\":\"rgba(0, 0, 0, 0.51)\",\"image_size\":\"width-1-1\",\"class\":\"other-page-hero\"},\"children\":[{\"type\":\"row\",\"props\":{\"layout\":\"1-2,1-2\"},\"children\":[{\"type\":\"column\",\"props\":{\"position_sticky_breakpoint\":\"m\",\"image_position\":\"center-center\",\"media_overlay_gradient\":\"\",\"width_medium\":\"1-2\",\"order_first\":\"l\"},\"children\":[{\"type\":\"headline\",\"props\":{\"title_element\":\"h1\",\"title_color\":\"success\",\"content\":\"eLearning\",\"title_style\":\"h2\",\"class\":\"fff\"}}]},{\"type\":\"column\",\"props\":{\"position_sticky_breakpoint\":\"m\",\"image_position\":\"center-center\",\"media_overlay_gradient\":\"\",\"width_medium\":\"1-2\",\"order_first\":\"xs\"},\"children\":[]}]}],\"name\":\"trabs 2\"},{\"type\":\"section\",\"props\":{\"style\":\"default\",\"width\":\"default\",\"vertical_align\":\"middle\",\"title_position\":\"top-left\",\"title_rotation\":\"left\",\"title_breakpoint\":\"xl\",\"image_position\":\"center-center\",\"padding\":\"none\",\"css\":\".el-section{ background-color:#d6d6d6;}\"},\"children\":[{\"type\":\"row\",\"children\":[{\"type\":\"column\",\"props\":{\"position_sticky_breakpoint\":\"m\",\"image_position\":\"center-center\",\"media_overlay_gradient\":\"\"},\"children\":[{\"type\":\"breadcrumbs\",\"props\":{\"show_home\":true,\"show_current\":true}}]}]}],\"name\":\"brd\"},{\"type\":\"section\",\"props\":{\"style\":\"default\",\"width\":\"default\",\"vertical_align\":\"middle\",\"title_position\":\"top-left\",\"title_rotation\":\"left\",\"title_breakpoint\":\"xl\",\"image_position\":\"center-center\"},\"children\":[{\"type\":\"row\",\"children\":[{\"type\":\"column\",\"props\":{\"position_sticky_breakpoint\":\"m\",\"image_position\":\"center-center\",\"media_overlay_gradient\":\"\"},\"children\":[{\"type\":\"panel\",\"props\":{\"link_text\":\"Visitez la plateforme\",\"title_hover_style\":\"reset\",\"title_element\":\"h2\",\"title_align\":\"top\",\"title_grid_width\":\"1-2\",\"title_grid_breakpoint\":\"m\",\"meta_style\":\"meta\",\"meta_align\":\"below-title\",\"meta_element\":\"div\",\"content_column_breakpoint\":\"m\",\"icon_width\":80,\"image_align\":\"right\",\"image_grid_width\":\"1-3\",\"image_grid_breakpoint\":\"m\",\"image_svg_color\":\"emphasis\",\"link_style\":\"primary\",\"margin\":\"default\",\"title\":\"\",\"content\":\"\n\n<p>La plateforme eLearning et le r\\u00e9seau \\u00e9lectronique donneront acc\\u00e8s \\u00e0 la carte de formation CIRCULO pour le d\\u00e9veloppement des principes de l'\\u00e9conomie circulaire et au Toolkit pour les comp\\u00e9tences entrepreneuriales, ainsi qu'\\u00e0 toutes les ressources d'apprentissage d\\u00e9velopp\\u00e9es. Elle h\\u00e9bergera et fournira \\u00e9galement l'acc\\u00e8s au paquet complet de formation des formateurs et aura toutes les caract\\u00e9ristiques d'un MOOC.<\\\/p>\",\"image\":\"wp-content\\\/uploads\\\/2022\\\/08\\\/Asset-3.png\",\"title_color\":\"success\",\"link\":\"https:\\\/\\\/circulomooc.eu\",\"attributes\":\"\",\"css\":\".uk-grid > div:nth-child(2) {\\n  display: flex;\\n    flex-direction:column;\\n  justify-content:center;\\n}\"},\"name\":\"rightimage\"}]}]}]}],\"version\":\"2.7.22\"} --><\/p>\n","protected":false},"excerpt":{"rendered":"<p>eLearning La plateforme eLearning et le r\u00e9seau \u00e9lectronique donneront acc\u00e8s \u00e0 la carte de formation CIRCULO pour le d\u00e9veloppement des principes de l&rsquo;\u00e9conomie circulaire et..<\/p>\n","protected":false},"author":1,"featured_media":0,"parent":0,"menu_order":0,"comment_status":"closed","ping_status":"closed","template":"","meta":{"_acf_changed":false,"inline_featured_image":false,"footnotes":""},"class_list":["post-1074","page","type-page","status-publish","hentry"],"acf":[],"_links":{"self":[{"href":"https:\/\/circuloproject.eu\/fr\/wp-json\/wp\/v2\/pages\/1074","targetHints":{"allow":["GET"]}}],"collection":[{"href":"https:\/\/circuloproject.eu\/fr\/wp-json\/wp\/v2\/pages"}],"about":[{"href":"https:\/\/circuloproject.eu\/fr\/wp-json\/wp\/v2\/types\/page"}],"author":[{"embeddable":true,"href":"https:\/\/circuloproject.eu\/fr\/wp-json\/wp\/v2\/users\/1"}],"replies":[{"embeddable":true,"href":"https:\/\/circuloproject.eu\/fr\/wp-json\/wp\/v2\/comments?post=1074"}],"version-history":[{"count":3,"href":"https:\/\/circuloproject.eu\/fr\/wp-json\/wp\/v2\/pages\/1074\/revisions"}],"predecessor-version":[{"id":1418,"href":"https:\/\/circuloproject.eu\/fr\/wp-json\/wp\/v2\/pages\/1074\/revisions\/1418"}],"wp:attachment":[{"href":"https:\/\/circuloproject.eu\/fr\/wp-json\/wp\/v2\/media?parent=1074"}],"curies":[{"name":"wp","href":"https:\/\/api.w.org\/{rel}","templated":true}]}}