{"id":1370,"date":"2022-08-08T11:05:00","date_gmt":"2022-08-08T11:05:00","guid":{"rendered":"https:\/\/circuloproject.eu\/toolkit\/"},"modified":"2023-10-09T13:03:21","modified_gmt":"2023-10-09T13:03:21","slug":"toolkit","status":"publish","type":"page","link":"https:\/\/circuloproject.eu\/fr\/toolkit\/","title":{"rendered":"Bo\u00eete \u00e0 outils"},"content":{"rendered":"<h1>\n<p><span>Bo\u00eete \u00e0 outils<\/span><\/p>\n<\/h1>\n<div>\n<p>        <img decoding=\"async\" src=\"\/wp-content\/uploads\/2022\/08\/toolkit.png\" alt=\"\"><\/p>\n<div>\n<p><span>La bo\u00eete \u00e0 outils du d\u00e9veloppement des comp\u00e9tences num\u00e9riques est une bo\u00eete \u00e0 outils pratique, qui vise \u00e0 d\u00e9velopper l&rsquo;esprit d&rsquo;entreprenariat <\/span><\/p>\n<\/div>\n<\/div>\n<p><!--more--><br \/>\n<!-- {\"name\":\"readypage\",\"type\":\"layout\",\"children\":[{\"type\":\"section\",\"props\":{\"style\":\"default\",\"width\":\"default\",\"vertical_align\":\"middle\",\"title_position\":\"top-left\",\"title_rotation\":\"left\",\"title_breakpoint\":\"xl\",\"image_position\":\"top-center\",\"image\":\"wp-content\\\/uploads\\\/2022\\\/08\\\/Picture6.jpg\",\"header_transparent\":\"dark\",\"padding\":\"large\",\"css\":\".uk-background-top-center {\\n  background-position: 50% 88%;\\n}\",\"media_overlay\":\"rgba(0, 0, 0, 0.51)\",\"image_size\":\"width-1-1\",\"class\":\"other-page-hero\"},\"children\":[{\"type\":\"row\",\"props\":{\"layout\":\"1-2,1-2\"},\"children\":[{\"type\":\"column\",\"props\":{\"position_sticky_breakpoint\":\"m\",\"image_position\":\"center-center\",\"media_overlay_gradient\":\"\",\"width_medium\":\"1-2\",\"order_first\":\"l\"},\"children\":[{\"type\":\"headline\",\"props\":{\"title_element\":\"h1\",\"title_color\":\"success\",\"content\":\"\n\n<p><span>Bo\\u00eete \\u00e0 outils<\\\/span><\\\/p>\",\"title_style\":\"h2\",\"class\":\"fff\"}}]},{\"type\":\"column\",\"props\":{\"position_sticky_breakpoint\":\"m\",\"image_position\":\"center-center\",\"media_overlay_gradient\":\"\",\"width_medium\":\"1-2\",\"order_first\":\"xs\"},\"children\":[]}]}],\"name\":\"trabs 2\"},{\"type\":\"section\",\"props\":{\"style\":\"default\",\"width\":\"default\",\"vertical_align\":\"middle\",\"title_position\":\"top-left\",\"title_rotation\":\"left\",\"title_breakpoint\":\"xl\",\"image_position\":\"center-center\",\"padding\":\"none\",\"css\":\".el-section{ background-color:#d6d6d6;}\"},\"children\":[{\"type\":\"row\",\"children\":[{\"type\":\"column\",\"props\":{\"position_sticky_breakpoint\":\"m\",\"image_position\":\"center-center\",\"media_overlay_gradient\":\"\"},\"children\":[{\"type\":\"breadcrumbs\",\"props\":{\"show_home\":true,\"show_current\":true}}]}]}],\"name\":\"brd\"},{\"type\":\"section\",\"props\":{\"style\":\"default\",\"width\":\"default\",\"vertical_align\":\"middle\",\"title_position\":\"top-left\",\"title_rotation\":\"left\",\"title_breakpoint\":\"xl\",\"image_position\":\"center-center\"},\"children\":[{\"type\":\"row\",\"children\":[{\"type\":\"column\",\"props\":{\"position_sticky_breakpoint\":\"m\",\"image_position\":\"center-center\",\"media_overlay_gradient\":\"\"},\"children\":[{\"type\":\"panel\",\"props\":{\"link_text\":\"Coming \",\"title_hover_style\":\"reset\",\"title_element\":\"h2\",\"title_align\":\"top\",\"title_grid_width\":\"1-2\",\"title_grid_breakpoint\":\"m\",\"meta_style\":\"meta\",\"meta_align\":\"below-title\",\"meta_element\":\"div\",\"content_column_breakpoint\":\"m\",\"icon_width\":80,\"image_align\":\"right\",\"image_grid_width\":\"1-3\",\"image_grid_breakpoint\":\"m\",\"image_svg_color\":\"emphasis\",\"link_style\":\"primary\",\"margin\":\"default\",\"title\":\"\",\"content\":\"\n\n<p><span>La bo\\u00eete \\u00e0 outils du d\\u00e9veloppement des comp\\u00e9tences num\\u00e9riques est une bo\\u00eete \\u00e0 outils pratique, qui vise \\u00e0 d\\u00e9velopper l'esprit d'entreprenariat <\\\/span><\\\/p>\",\"image\":\"wp-content\\\/uploads\\\/2022\\\/08\\\/toolkit.png\",\"title_color\":\"success\",\"link\":\"\",\"attributes\":\"\",\"css\":\".uk-grid > div:nth-child(2) {\\n  display: flex;\\n  align-items: center;\\n}\"},\"name\":\"rightimage\"}]}]}]}],\"version\":\"2.7.22\"} --><\/p>\n","protected":false},"excerpt":{"rendered":"<p>Bo\u00eete \u00e0 outils La bo\u00eete \u00e0 outils du d\u00e9veloppement des comp\u00e9tences num\u00e9riques est une bo\u00eete \u00e0 outils pratique, qui vise \u00e0 d\u00e9velopper l&rsquo;esprit d&rsquo;entreprenariat<\/p>\n","protected":false},"author":1,"featured_media":0,"parent":0,"menu_order":0,"comment_status":"closed","ping_status":"closed","template":"","meta":{"_acf_changed":false,"inline_featured_image":false,"footnotes":""},"class_list":["post-1370","page","type-page","status-publish","hentry"],"acf":[],"_links":{"self":[{"href":"https:\/\/circuloproject.eu\/fr\/wp-json\/wp\/v2\/pages\/1370","targetHints":{"allow":["GET"]}}],"collection":[{"href":"https:\/\/circuloproject.eu\/fr\/wp-json\/wp\/v2\/pages"}],"about":[{"href":"https:\/\/circuloproject.eu\/fr\/wp-json\/wp\/v2\/types\/page"}],"author":[{"embeddable":true,"href":"https:\/\/circuloproject.eu\/fr\/wp-json\/wp\/v2\/users\/1"}],"replies":[{"embeddable":true,"href":"https:\/\/circuloproject.eu\/fr\/wp-json\/wp\/v2\/comments?post=1370"}],"version-history":[{"count":4,"href":"https:\/\/circuloproject.eu\/fr\/wp-json\/wp\/v2\/pages\/1370\/revisions"}],"predecessor-version":[{"id":1433,"href":"https:\/\/circuloproject.eu\/fr\/wp-json\/wp\/v2\/pages\/1370\/revisions\/1433"}],"wp:attachment":[{"href":"https:\/\/circuloproject.eu\/fr\/wp-json\/wp\/v2\/media?parent=1370"}],"curies":[{"name":"wp","href":"https:\/\/api.w.org\/{rel}","templated":true}]}}